{"id":1189,"date":"2024-07-30T11:18:07","date_gmt":"2024-07-30T09:18:07","guid":{"rendered":"https:\/\/avmedios.ankaa.dev\/soluciones-audiovisuales\/"},"modified":"2025-04-11T14:50:32","modified_gmt":"2025-04-11T12:50:32","slug":"soluciones-audiovisuales","status":"publish","type":"page","link":"https:\/\/avmedios.ankaa.dev\/en\/","title":{"rendered":"Inicio"},"content":{"rendered":"","protected":false},"excerpt":{"rendered":"","protected":false},"author":1,"featured_media":0,"parent":0,"menu_order":0,"comment_status":"closed","ping_status":"closed","template":"","meta":{"footnotes":""},"class_list":["post-1189","page","type-page","status-publish","hentry"],"acf":[],"yoast_head":"<!-- This site is optimized with the Yoast SEO plugin v27.5 - https:\/\/yoast.com\/product\/yoast-seo-wordpress\/ -->\n<title>AV Medios | Mejoramos tu experiencia - Servicios audiovisuales para eventos<\/title>\n<meta name=\"description\" content=\"Video, sonido, iluminaci\u00f3n. Material, asistencia y producci\u00f3n t\u00e9cnica audiovisual. Innovaci\u00f3n para mejorar tu experiencia | AV Medios\" \/>\n<meta name=\"robots\" content=\"noindex, follow, max-snippet:-1, max-image-preview:large, max-video-preview:-1\" \/>\n<meta property=\"og:locale\" content=\"en_US\" \/>\n<meta property=\"og:type\" content=\"article\" \/>\n<meta property=\"og:title\" content=\"AV Medios | Mejoramos tu experiencia - Servicios audiovisuales para eventos\" \/>\n<meta property=\"og:description\" content=\"Video, sonido, iluminaci\u00f3n. Material, asistencia y producci\u00f3n t\u00e9cnica audiovisual. Innovaci\u00f3n para mejorar tu experiencia | AV Medios\" \/>\n<meta property=\"og:url\" content=\"https:\/\/avmedios.ankaa.dev\/en\/\" \/>\n<meta property=\"og:site_name\" content=\"AV Medios\" \/>\n<meta property=\"article:modified_time\" content=\"2025-04-11T12:50:32+00:00\" \/>\n<meta name=\"twitter:card\" content=\"summary_large_image\" \/>\n<meta name=\"twitter:label1\" content=\"Est. reading time\" \/>\n\t<meta name=\"twitter:data1\" content=\"2 minutes\" \/>\n<script type=\"application\/ld+json\" class=\"yoast-schema-graph\">{\"@context\":\"https:\\\/\\\/schema.org\",\"@graph\":[{\"@type\":\"WebPage\",\"@id\":\"https:\\\/\\\/avmedios.ankaa.dev\\\/en\\\/\",\"url\":\"https:\\\/\\\/avmedios.ankaa.dev\\\/en\\\/\",\"name\":\"AV Medios | Mejoramos tu experiencia - Servicios audiovisuales para eventos\",\"isPartOf\":{\"@id\":\"https:\\\/\\\/avmedios.ankaa.dev\\\/#website\"},\"datePublished\":\"2024-07-30T09:18:07+00:00\",\"dateModified\":\"2025-04-11T12:50:32+00:00\",\"description\":\"Video, sonido, iluminaci\u00f3n. Material, asistencia y producci\u00f3n t\u00e9cnica audiovisual. Innovaci\u00f3n para mejorar tu experiencia | AV Medios\",\"breadcrumb\":{\"@id\":\"https:\\\/\\\/avmedios.ankaa.dev\\\/en\\\/#breadcrumb\"},\"inLanguage\":\"en-US\",\"potentialAction\":[{\"@type\":\"ReadAction\",\"target\":[\"https:\\\/\\\/avmedios.ankaa.dev\\\/en\\\/\"]}]},{\"@type\":\"BreadcrumbList\",\"@id\":\"https:\\\/\\\/avmedios.ankaa.dev\\\/en\\\/#breadcrumb\",\"itemListElement\":[{\"@type\":\"ListItem\",\"position\":1,\"name\":\"Home\",\"item\":\"https:\\\/\\\/avmedios.ankaa.dev\\\/en\\\/\"},{\"@type\":\"ListItem\",\"position\":2,\"name\":\"Inicio\"}]},{\"@type\":\"WebSite\",\"@id\":\"https:\\\/\\\/avmedios.ankaa.dev\\\/#website\",\"url\":\"https:\\\/\\\/avmedios.ankaa.dev\\\/\",\"name\":\"AV Medios\",\"description\":\"Web de AV Medios, empresa de servicios audiovisuales para eventos corporativos\",\"publisher\":{\"@id\":\"https:\\\/\\\/avmedios.ankaa.dev\\\/#organization\"},\"potentialAction\":[{\"@type\":\"SearchAction\",\"target\":{\"@type\":\"EntryPoint\",\"urlTemplate\":\"https:\\\/\\\/avmedios.ankaa.dev\\\/?s={search_term_string}\"},\"query-input\":{\"@type\":\"PropertyValueSpecification\",\"valueRequired\":true,\"valueName\":\"search_term_string\"}}],\"inLanguage\":\"en-US\"},{\"@type\":\"Organization\",\"@id\":\"https:\\\/\\\/avmedios.ankaa.dev\\\/#organization\",\"name\":\"AV Medios\",\"url\":\"https:\\\/\\\/avmedios.ankaa.dev\\\/\",\"logo\":{\"@type\":\"ImageObject\",\"inLanguage\":\"en-US\",\"@id\":\"https:\\\/\\\/avmedios.ankaa.dev\\\/#\\\/schema\\\/logo\\\/image\\\/\",\"url\":\"https:\\\/\\\/avmedios.ankaa.dev\\\/wp-content\\\/uploads\\\/2024\\\/09\\\/AVM-Verde-y-negro.png\",\"contentUrl\":\"https:\\\/\\\/avmedios.ankaa.dev\\\/wp-content\\\/uploads\\\/2024\\\/09\\\/AVM-Verde-y-negro.png\",\"width\":1080,\"height\":1081,\"caption\":\"AV Medios\"},\"image\":{\"@id\":\"https:\\\/\\\/avmedios.ankaa.dev\\\/#\\\/schema\\\/logo\\\/image\\\/\"},\"sameAs\":[\"https:\\\/\\\/www.linkedin.com\\\/company\\\/av-medios-s-l-\\\/\",\"https:\\\/\\\/www.instagram.com\\\/avmedios\\\/\"]}]}<\/script>\n<!-- \/ Yoast SEO plugin. -->","yoast_head_json":{"title":"AV Medios | Mejoramos tu experiencia - Servicios audiovisuales para eventos","description":"Video, sonido, iluminaci\u00f3n. Material, asistencia y producci\u00f3n t\u00e9cnica audiovisual. Innovaci\u00f3n para mejorar tu experiencia | AV Medios","robots":{"index":"noindex","follow":"follow","max-snippet":"max-snippet:-1","max-image-preview":"max-image-preview:large","max-video-preview":"max-video-preview:-1"},"og_locale":"en_US","og_type":"article","og_title":"AV Medios | Mejoramos tu experiencia - Servicios audiovisuales para eventos","og_description":"Video, sonido, iluminaci\u00f3n. Material, asistencia y producci\u00f3n t\u00e9cnica audiovisual. Innovaci\u00f3n para mejorar tu experiencia | AV Medios","og_url":"https:\/\/avmedios.ankaa.dev\/en\/","og_site_name":"AV Medios","article_modified_time":"2025-04-11T12:50:32+00:00","twitter_card":"summary_large_image","twitter_misc":{"Est. reading time":"2 minutes"},"schema":{"@context":"https:\/\/schema.org","@graph":[{"@type":"WebPage","@id":"https:\/\/avmedios.ankaa.dev\/en\/","url":"https:\/\/avmedios.ankaa.dev\/en\/","name":"AV Medios | Mejoramos tu experiencia - Servicios audiovisuales para eventos","isPartOf":{"@id":"https:\/\/avmedios.ankaa.dev\/#website"},"datePublished":"2024-07-30T09:18:07+00:00","dateModified":"2025-04-11T12:50:32+00:00","description":"Video, sonido, iluminaci\u00f3n. Material, asistencia y producci\u00f3n t\u00e9cnica audiovisual. Innovaci\u00f3n para mejorar tu experiencia | AV Medios","breadcrumb":{"@id":"https:\/\/avmedios.ankaa.dev\/en\/#breadcrumb"},"inLanguage":"en-US","potentialAction":[{"@type":"ReadAction","target":["https:\/\/avmedios.ankaa.dev\/en\/"]}]},{"@type":"BreadcrumbList","@id":"https:\/\/avmedios.ankaa.dev\/en\/#breadcrumb","itemListElement":[{"@type":"ListItem","position":1,"name":"Home","item":"https:\/\/avmedios.ankaa.dev\/en\/"},{"@type":"ListItem","position":2,"name":"Inicio"}]},{"@type":"WebSite","@id":"https:\/\/avmedios.ankaa.dev\/#website","url":"https:\/\/avmedios.ankaa.dev\/","name":"AV Medios","description":"Web de AV Medios, empresa de servicios audiovisuales para eventos corporativos","publisher":{"@id":"https:\/\/avmedios.ankaa.dev\/#organization"},"potentialAction":[{"@type":"SearchAction","target":{"@type":"EntryPoint","urlTemplate":"https:\/\/avmedios.ankaa.dev\/?s={search_term_string}"},"query-input":{"@type":"PropertyValueSpecification","valueRequired":true,"valueName":"search_term_string"}}],"inLanguage":"en-US"},{"@type":"Organization","@id":"https:\/\/avmedios.ankaa.dev\/#organization","name":"AV Medios","url":"https:\/\/avmedios.ankaa.dev\/","logo":{"@type":"ImageObject","inLanguage":"en-US","@id":"https:\/\/avmedios.ankaa.dev\/#\/schema\/logo\/image\/","url":"https:\/\/avmedios.ankaa.dev\/wp-content\/uploads\/2024\/09\/AVM-Verde-y-negro.png","contentUrl":"https:\/\/avmedios.ankaa.dev\/wp-content\/uploads\/2024\/09\/AVM-Verde-y-negro.png","width":1080,"height":1081,"caption":"AV Medios"},"image":{"@id":"https:\/\/avmedios.ankaa.dev\/#\/schema\/logo\/image\/"},"sameAs":["https:\/\/www.linkedin.com\/company\/av-medios-s-l-\/","https:\/\/www.instagram.com\/avmedios\/"]}]}},"_links":{"self":[{"href":"https:\/\/avmedios.ankaa.dev\/en\/wp-json\/wp\/v2\/pages\/1189","targetHints":{"allow":["GET"]}}],"collection":[{"href":"https:\/\/avmedios.ankaa.dev\/en\/wp-json\/wp\/v2\/pages"}],"about":[{"href":"https:\/\/avmedios.ankaa.dev\/en\/wp-json\/wp\/v2\/types\/page"}],"author":[{"embeddable":true,"href":"https:\/\/avmedios.ankaa.dev\/en\/wp-json\/wp\/v2\/users\/1"}],"replies":[{"embeddable":true,"href":"https:\/\/avmedios.ankaa.dev\/en\/wp-json\/wp\/v2\/comments?post=1189"}],"version-history":[{"count":1,"href":"https:\/\/avmedios.ankaa.dev\/en\/wp-json\/wp\/v2\/pages\/1189\/revisions"}],"predecessor-version":[{"id":1198,"href":"https:\/\/avmedios.ankaa.dev\/en\/wp-json\/wp\/v2\/pages\/1189\/revisions\/1198"}],"wp:attachment":[{"href":"https:\/\/avmedios.ankaa.dev\/en\/wp-json\/wp\/v2\/media?parent=1189"}],"curies":[{"name":"wp","href":"https:\/\/api.w.org\/{rel}","templated":true}]}}